{"id":4399,"date":"2024-10-24T17:45:32","date_gmt":"2024-10-24T17:45:32","guid":{"rendered":"https:\/\/xn--adsa-biodnger-4ob.at\/?page_id=4399"},"modified":"2025-07-30T16:51:53","modified_gmt":"2025-07-30T16:51:53","slug":"uber-uns","status":"publish","type":"page","link":"https:\/\/xn--adsa-biodnger-4ob.at\/en\/uber-uns\/","title":{"rendered":"\u00dcber uns"},"content":{"rendered":"<div data-elementor-type=\"wp-page\" data-elementor-id=\"4399\" class=\"elementor elementor-4399\">\n\t\t\t\t\t\t<section class=\"elementor-section elementor-top-section elementor-element elementor-element-4f25025 elementor-section-boxed elementor-section-gap-beside-yes elementor-section-height-default elementor-section-height-default elementor-section-column-vertical-align-stretch wpr-particle-no wpr-jarallax-no wpr-parallax-no wpr-sticky-section-no wpr-equal-height-no\" data-id=\"4f25025\" data-element_type=\"section\" data-e-type=\"section\" data-settings=\"{&quot;background_background&quot;:&quot;classic&quot;}\">\n\t\t\t\t\t\t<div class=\"elementor-container elementor-column-gap-extended\">\n\t\t\t\t\t<div class=\"elementor-column elementor-col-50 elementor-top-column elementor-element elementor-element-bc4e729\" data-id=\"bc4e729\" data-element_type=\"column\" data-e-type=\"column\">\n\t\t\t<div class=\"elementor-widget-wrap elementor-element-populated\">\n\t\t\t\t\t\t<div class=\"elementor-element elementor-element-ed21410 elementor-invisible elementor-widget elementor-widget-tm-blockquote\" data-id=\"ed21410\" data-element_type=\"widget\" data-e-type=\"widget\" data-settings=\"{&quot;_animation&quot;:&quot;tmFadeInUp&quot;}\" data-widget_type=\"tm-blockquote.default\">\n\t\t\t\t<div class=\"elementor-widget-container\">\n\t\t\t\t\t\t\t<blockquote class=\"tm-blockquote style-01\">\n\t\t\t<div class=\"blockquote-icon\">\n\t\t\t\t<svg width=\"42\" height=\"31\" viewbox=\"0 0 42 31\" fill=\"none\" xmlns=\"http:\/\/www.w3.org\/2000\/svg\">\n\t\t\t\t\t<path\n\t\t\t\t\t\td=\"M33.3 14.45C31.2 14.45 29.25 15.2 27.75 16.55C29.55 10.85 33.45 6.19999 39.45 1.1L38.7 0.349996C30.3 7.1 25.2 14.45 25.2 22.55C25.2 27.05 28.8 30.65 33.3 30.65C37.8 30.65 41.4 27.05 41.4 22.55C41.4 18.05 37.8 14.45 33.3 14.45ZM8.1 14.45C6 14.45 4.05 15.2 2.7 16.55C4.35 10.85 8.25 6.19999 14.25 1.1L13.5 0.349996C5.1 7.1 4.24683e-07 14.45 4.24683e-07 22.55C4.24683e-07 27.05 3.6 30.65 8.1 30.65C12.6 30.65 16.2 27.05 16.2 22.55C16.2 18.05 12.6 14.45 8.1 14.45Z\"\n\t\t\t\t\t\tfill=\"#E8C8B3\"\/>\n\t\t\t\t<\/svg>\n\t\t\t<\/div>\n\t\t\t<p class=\"blockquote-content\">\n\t\t\t\tWe are committed to conserving natural resources, promoting chemical-free alternatives, and preserving the biodiversity of our environment.\t\t\t<\/p>\n\t\t\t\t\t\t\t<div class=\"blockquote-footer\">\n\t\t\t\t\t<cite class=\"author-name\">\n\t\t\t\t\t\tAdsa Biod\u00fcnger\t\t\t\t\t<\/cite>\n\t\t\t\t\t\t\t\t\t\t\t<span class=\"author-position\">\n\t\t\t\t\t\t\tFounder, CEO\t\t\t\t\t\t<\/span>\n\t\t\t\t\t\t\t\t\t<\/div>\n\t\t\t\t\t<\/blockquote>\n\t\t\t\t\t\t<\/div>\n\t\t\t\t<\/div>\n\t\t\t\t<div class=\"elementor-element elementor-element-e2cac9d elementor-widget elementor-widget-spacer\" data-id=\"e2cac9d\" data-element_type=\"widget\" data-e-type=\"widget\" data-widget_type=\"spacer.default\">\n\t\t\t\t<div class=\"elementor-widget-container\">\n\t\t\t\t\t\t\t<div class=\"elementor-spacer\">\n\t\t\t<div class=\"elementor-spacer-inner\"><\/div>\n\t\t<\/div>\n\t\t\t\t\t\t<\/div>\n\t\t\t\t<\/div>\n\t\t\t\t\t<\/div>\n\t\t<\/div>\n\t\t\t\t<div class=\"elementor-column elementor-col-50 elementor-top-column elementor-element elementor-element-4450a34\" data-id=\"4450a34\" data-element_type=\"column\" data-e-type=\"column\">\n\t\t\t<div class=\"elementor-widget-wrap elementor-element-populated\">\n\t\t\t\t\t\t<div class=\"elementor-element elementor-element-f182afa elementor-invisible elementor-widget elementor-widget-heading\" data-id=\"f182afa\" data-element_type=\"widget\" data-e-type=\"widget\" data-settings=\"{&quot;_animation&quot;:&quot;tmFadeInUp&quot;}\" data-widget_type=\"heading.default\">\n\t\t\t\t<div class=\"elementor-widget-container\">\n\t\t\t\t\t<h2 class=\"elementor-heading-title elementor-size-default\">OUR MISSION<\/h2>\t\t\t\t<\/div>\n\t\t\t\t<\/div>\n\t\t\t\t<div class=\"elementor-element elementor-element-44bc348 elementor-widget elementor-widget-spacer\" data-id=\"44bc348\" data-element_type=\"widget\" data-e-type=\"widget\" data-widget_type=\"spacer.default\">\n\t\t\t\t<div class=\"elementor-widget-container\">\n\t\t\t\t\t\t\t<div class=\"elementor-spacer\">\n\t\t\t<div class=\"elementor-spacer-inner\"><\/div>\n\t\t<\/div>\n\t\t\t\t\t\t<\/div>\n\t\t\t\t<\/div>\n\t\t\t\t<div class=\"elementor-element elementor-element-74eba4a elementor-invisible elementor-widget elementor-widget-text-editor\" data-id=\"74eba4a\" data-element_type=\"widget\" data-e-type=\"widget\" data-settings=\"{&quot;_animation&quot;:&quot;tmFadeInUp&quot;}\" data-widget_type=\"text-editor.default\">\n\t\t\t\t<div class=\"elementor-widget-container\">\n\t\t\t\t\t\t\t\t\t<p>Our mission at ADSA is to create a greener, healthier, and more sustainable future for people and nature. We believe that true plant power comes from nature \u2013 without compromising health, quality, or environmental protection. With the ADSA Plant Strengthener, we offer a solution that combines modern agriculture with ecological awareness.<\/p>\t\t\t\t\t\t\t\t<\/div>\n\t\t\t\t<\/div>\n\t\t\t\t<div class=\"elementor-element elementor-element-2979df8 elementor-widget elementor-widget-spacer\" data-id=\"2979df8\" data-element_type=\"widget\" data-e-type=\"widget\" data-widget_type=\"spacer.default\">\n\t\t\t\t<div class=\"elementor-widget-container\">\n\t\t\t\t\t\t\t<div class=\"elementor-spacer\">\n\t\t\t<div class=\"elementor-spacer-inner\"><\/div>\n\t\t<\/div>\n\t\t\t\t\t\t<\/div>\n\t\t\t\t<\/div>\n\t\t\t\t<div class=\"elementor-element elementor-element-f2c9236 elementor-invisible elementor-widget elementor-widget-image\" data-id=\"f2c9236\" data-element_type=\"widget\" data-e-type=\"widget\" data-settings=\"{&quot;_animation&quot;:&quot;tmFadeInUp&quot;}\" data-widget_type=\"image.default\">\n\t\t\t\t<div class=\"elementor-widget-container\">\n\t\t\t\t\t\t\t\t\t\t\t\t\t\t\t<img fetchpriority=\"high\" decoding=\"async\" width=\"2560\" height=\"1707\" src=\"https:\/\/xn--adsa-biodnger-4ob.at\/wp-content\/uploads\/2024\/10\/pexels-anna-shvets-5231216-scaled.jpg\" class=\"attachment-full size-full wp-image-4379\" alt=\"\" srcset=\"https:\/\/xn--adsa-biodnger-4ob.at\/wp-content\/uploads\/2024\/10\/pexels-anna-shvets-5231216-scaled.jpg 2560w, https:\/\/xn--adsa-biodnger-4ob.at\/wp-content\/uploads\/2024\/10\/pexels-anna-shvets-5231216-300x200.jpg 300w, https:\/\/xn--adsa-biodnger-4ob.at\/wp-content\/uploads\/2024\/10\/pexels-anna-shvets-5231216-1024x683.jpg 1024w, https:\/\/xn--adsa-biodnger-4ob.at\/wp-content\/uploads\/2024\/10\/pexels-anna-shvets-5231216-768x512.jpg 768w, https:\/\/xn--adsa-biodnger-4ob.at\/wp-content\/uploads\/2024\/10\/pexels-anna-shvets-5231216-1536x1024.jpg 1536w, https:\/\/xn--adsa-biodnger-4ob.at\/wp-content\/uploads\/2024\/10\/pexels-anna-shvets-5231216-2048x1365.jpg 2048w, https:\/\/xn--adsa-biodnger-4ob.at\/wp-content\/uploads\/2024\/10\/pexels-anna-shvets-5231216-600x400.jpg 600w\" sizes=\"(max-width: 2560px) 100vw, 2560px\" \/>\t\t\t\t\t\t\t\t\t\t\t\t\t\t\t<\/div>\n\t\t\t\t<\/div>\n\t\t\t\t\t<\/div>\n\t\t<\/div>\n\t\t\t\t\t<\/div>\n\t\t<\/section>\n\t\t\t\t<section class=\"elementor-section elementor-top-section elementor-element elementor-element-7a4dbcc elementor-section-boxed elementor-section-gap-beside-yes elementor-section-height-default elementor-section-height-default elementor-section-column-vertical-align-stretch wpr-particle-no wpr-jarallax-no wpr-parallax-no wpr-sticky-section-no wpr-equal-height-no\" data-id=\"7a4dbcc\" data-element_type=\"section\" data-e-type=\"section\">\n\t\t\t\t\t\t<div class=\"elementor-container elementor-column-gap-extended\">\n\t\t\t\t\t<div class=\"elementor-column elementor-col-100 elementor-top-column elementor-element elementor-element-38ab73f\" data-id=\"38ab73f\" data-element_type=\"column\" data-e-type=\"column\">\n\t\t\t<div class=\"elementor-widget-wrap elementor-element-populated\">\n\t\t\t\t\t\t<div class=\"elementor-element elementor-element-320e0ee elementor-widget elementor-widget-tm-heading\" data-id=\"320e0ee\" data-element_type=\"widget\" data-e-type=\"widget\" data-widget_type=\"tm-heading.default\">\n\t\t\t\t<div class=\"elementor-widget-container\">\n\t\t\t\t\t\t\t<div class=\"tm-modern-heading style-01\">\n\t\t\t\n\t\t\t\t\t<div class=\"heading-primary-wrap\">\n\t\t\t<h2 class=\"heading-primary elementor-heading-title\">Why ADSA Bio Fertilizer?<\/h2>\t\t<\/div>\n\t\t\n\t\t\t\n\t\t\t\t\t<div class=\"heading-description-wrap\">\n\t\t\t<div class=\"heading-description\">\n\t\t\t\t<p><b>ADSA is more than just a plant strengthener \u2013 it\u2019s your key to lush, healthy, and vigorous plants. Developed with advanced, sustainable technology and natural active ingredients, ADSA sets new standards in ecological plant care.<\/b><\/p><p class=\"translation-block\"><span style=\"font-weight: 400\">\u2714\ufe0f<\/span> <b>Scientifically Proven<\/b><span style=\"font-weight: 400\">: Benefit from groundbreaking insights in plant science. The organic compounds in ADSA strengthen your plants effectively and sustainably from within.<\/p><p class=\"translation-block\"><span style=\"font-weight: 400\">\u2714\ufe0f<\/span> <b>100<\/b><b>\u202f<\/b><b>Natural &amp; Safe<\/b><span style=\"font-weight: 400\">: Say goodbye to chemicals and embrace the power of ecological plant care. ADSA not only strengthens your plants, but is also completely non-toxic to humans, small children, beneficial insects, pets, and bees.<\/p><p class=\"translation-block\"><span style=\"font-weight: 400\">\u2714\ufe0f<\/span> <b>Fast &amp; Visible Results<\/b><span style=\"font-weight: 400\">: Experience significantly healthier growth and vibrant blooms in a short time. ADSA is quickly absorbed through leaves and roots, making it highly effective.<\/p><p class=\"translation-block\"><span style=\"font-weight: 400\">\u2714\ufe0f<\/span> <b>Versatile Application<\/b><span style=\"font-weight: 400\">: Ideal for weakened crops and ornamental plants \u2013 such as fruit trees affected by leaf curl, downy mildew, spider mites, whiteflies, or leaf rust (e.g. in roses, red maples, or chestnut trees with leaf miner infestations). Also highly effective for boxwood plants suffering from box tree moth infestations.<\/p><p><b>Discover how ADSA can revolutionize your garden \u2013 and experience a new dimension of ecological plant care.<\/b><\/p>\t\t\t<\/div>\n\t\t<\/div>\n\t\t\t<\/div>\n\t\t\t\t\t\t<\/div>\n\t\t\t\t<\/div>\n\t\t\t\t\t<\/div>\n\t\t<\/div>\n\t\t\t\t\t<\/div>\n\t\t<\/section>\n\t\t\t\t<section class=\"elementor-section elementor-top-section elementor-element elementor-element-af7613e elementor-section-stretched elementor-section-boxed elementor-section-gap-beside-yes elementor-section-height-default elementor-section-height-default elementor-section-content-align-center elementor-section-column-vertical-align-stretch wpr-particle-no wpr-jarallax-no wpr-parallax-no wpr-sticky-section-no wpr-equal-height-no\" data-id=\"af7613e\" data-element_type=\"section\" data-e-type=\"section\" data-settings=\"{&quot;stretch_section&quot;:&quot;section-stretched&quot;,&quot;background_background&quot;:&quot;classic&quot;}\">\n\t\t\t\t\t\t<div class=\"elementor-container elementor-column-gap-extended\">\n\t\t\t\t\t<div class=\"elementor-column elementor-col-33 elementor-top-column elementor-element elementor-element-3d85e5c\" data-id=\"3d85e5c\" data-element_type=\"column\" data-e-type=\"column\">\n\t\t\t<div class=\"elementor-widget-wrap elementor-element-populated\">\n\t\t\t\t\t\t<div class=\"elementor-element elementor-element-9aeb097 elementor-position-left elementor-vertical-align-middle makeaholic-view-default makeaholic-shape-circle elementor-invisible elementor-widget elementor-widget-tm-icon-box\" data-id=\"9aeb097\" data-element_type=\"widget\" data-e-type=\"widget\" data-settings=\"{&quot;_animation&quot;:&quot;tmFadeInUp&quot;}\" data-widget_type=\"tm-icon-box.default\">\n\t\t\t\t<div class=\"elementor-widget-container\">\n\t\t\t\t\t\t\t<div class=\"tm-icon-box makeaholic-box\">\n\t\t<div class=\"icon-box-wrapper\">\n\t\t\t\t\t<div class=\"makeaholic-icon-wrap\">\n\t\t\t<div class=\"makeaholic-icon-view\">\n\t\t\t\t<div class=\"makeaholic-icon icon makeaholic-svg-icon makeaholic-solid-icon\">\n\t\t\t\t\t\n\t\t\t\t\t\t\t\t\t<\/div>\n\t\t\t<\/div>\n\t\t<\/div>\n\t\t\n\t\t\t<div class=\"icon-box-content\">\n\t\t\t\t\t\t<div class=\"heading-wrap\">\n\t\t\t<h3 class=\"heading\">Shipping<\/h3>\n\t\t\t\t\t<\/div>\n\t\t\n\t\t\t\t\t\t<div class=\"description-wrap\">\n\t\t\t<div class=\"description\">\n\t\t\t\tTo stores and home\t\t\t<\/div>\n\t\t<\/div>\n\t\t\n\t\t\t\t\t\t\t<\/div>\n\t\t<\/div>\n\n\t\t<\/div>\t\t\t\t\t\t<\/div>\n\t\t\t\t<\/div>\n\t\t\t\t<div class=\"elementor-element elementor-element-2084ec8 elementor-widget elementor-widget-spacer\" data-id=\"2084ec8\" data-element_type=\"widget\" data-e-type=\"widget\" data-widget_type=\"spacer.default\">\n\t\t\t\t<div class=\"elementor-widget-container\">\n\t\t\t\t\t\t\t<div class=\"elementor-spacer\">\n\t\t\t<div class=\"elementor-spacer-inner\"><\/div>\n\t\t<\/div>\n\t\t\t\t\t\t<\/div>\n\t\t\t\t<\/div>\n\t\t\t\t\t<\/div>\n\t\t<\/div>\n\t\t\t\t<div class=\"elementor-column elementor-col-33 elementor-top-column elementor-element elementor-element-8600707\" data-id=\"8600707\" data-element_type=\"column\" data-e-type=\"column\">\n\t\t\t<div class=\"elementor-widget-wrap elementor-element-populated\">\n\t\t\t\t\t\t<div class=\"elementor-element elementor-element-866ec2f elementor-position-left elementor-vertical-align-middle makeaholic-view-default makeaholic-shape-circle elementor-invisible elementor-widget elementor-widget-tm-icon-box\" data-id=\"866ec2f\" data-element_type=\"widget\" data-e-type=\"widget\" data-settings=\"{&quot;_animation&quot;:&quot;tmFadeInUp&quot;}\" data-widget_type=\"tm-icon-box.default\">\n\t\t\t\t<div class=\"elementor-widget-container\">\n\t\t\t\t\t\t\t<div class=\"tm-icon-box makeaholic-box\">\n\t\t<div class=\"icon-box-wrapper\">\n\t\t\t\t\t<div class=\"makeaholic-icon-wrap\">\n\t\t\t<div class=\"makeaholic-icon-view\">\n\t\t\t\t<div class=\"makeaholic-icon icon makeaholic-svg-icon makeaholic-solid-icon\">\n\t\t\t\t\t<svg xmlns=\"http:\/\/www.w3.org\/2000\/svg\" width=\"48\" height=\"76\" viewbox=\"0 0 48 76\" fill=\"none\"><path d=\"M46.931 51.8024C46.931 64.4859 36.6489 74.7679 23.9655 74.7679C11.282 74.7679 1 64.4859 1 51.8024C1 39.119 1 39.119 23.9655 1C46.931 39.119 46.931 39.119 46.931 51.8024Z\" stroke=\"black\" stroke-width=\"2\" stroke-miterlimit=\"10\" stroke-linejoin=\"round\"><\/path><path d=\"M23.9651 74.9997V23.9653C23.9651 23.9653 10.0466 37.8838 10.0466 51.8023C10.0466 65.7208 19.3256 65.7208 19.3256 65.7208\" stroke=\"black\" stroke-width=\"2\" stroke-miterlimit=\"10\" stroke-linejoin=\"round\"><\/path><path d=\"M23.9657 74.9997V23.9653C23.9657 23.9653 37.8842 37.8838 37.8842 51.8023C37.8842 65.7208 28.6052 65.7208 28.6052 65.7208\" stroke=\"black\" stroke-width=\"2\" stroke-miterlimit=\"10\" stroke-linejoin=\"round\"><\/path><path d=\"M23.9651 61.0811L10.0466 47.1626\" stroke=\"black\" stroke-width=\"2\" stroke-miterlimit=\"10\" stroke-linejoin=\"round\"><\/path><path d=\"M23.9657 61.0811L37.8842 47.1626\" stroke=\"black\" stroke-width=\"2\" stroke-miterlimit=\"10\" stroke-linejoin=\"round\"><\/path><path d=\"M23.9653 47.1623L14.6863 37.8833\" stroke=\"black\" stroke-width=\"2\" stroke-miterlimit=\"10\" stroke-linejoin=\"round\"><\/path><path d=\"M23.9657 47.1623L33.2447 37.8833\" stroke=\"black\" stroke-width=\"2\" stroke-miterlimit=\"10\" stroke-linejoin=\"round\"><\/path><\/svg>\n\t\t\t\t\t\t\t\t\t<\/div>\n\t\t\t<\/div>\n\t\t<\/div>\n\t\t\n\t\t\t<div class=\"icon-box-content\">\n\t\t\t\t\t\t<div class=\"heading-wrap\">\n\t\t\t<h3 class=\"heading\">Naturally derived<\/h3>\n\t\t\t\t\t<\/div>\n\t\t\n\t\t\t\t\t\t<div class=\"description-wrap\">\n\t\t\t<div class=\"description\">\n\t\t\t\tNatural and organic products\t\t\t<\/div>\n\t\t<\/div>\n\t\t\n\t\t\t\t\t\t\t<\/div>\n\t\t<\/div>\n\n\t\t<\/div>\t\t\t\t\t\t<\/div>\n\t\t\t\t<\/div>\n\t\t\t\t<div class=\"elementor-element elementor-element-6751238 elementor-widget elementor-widget-spacer\" data-id=\"6751238\" data-element_type=\"widget\" data-e-type=\"widget\" data-widget_type=\"spacer.default\">\n\t\t\t\t<div class=\"elementor-widget-container\">\n\t\t\t\t\t\t\t<div class=\"elementor-spacer\">\n\t\t\t<div class=\"elementor-spacer-inner\"><\/div>\n\t\t<\/div>\n\t\t\t\t\t\t<\/div>\n\t\t\t\t<\/div>\n\t\t\t\t\t<\/div>\n\t\t<\/div>\n\t\t\t\t<div class=\"elementor-column elementor-col-33 elementor-top-column elementor-element elementor-element-8419b9d\" data-id=\"8419b9d\" data-element_type=\"column\" data-e-type=\"column\">\n\t\t\t<div class=\"elementor-widget-wrap elementor-element-populated\">\n\t\t\t\t\t\t<div class=\"elementor-element elementor-element-1aaa954 elementor-position-left elementor-vertical-align-middle makeaholic-view-default makeaholic-shape-circle elementor-invisible elementor-widget elementor-widget-tm-icon-box\" data-id=\"1aaa954\" data-element_type=\"widget\" data-e-type=\"widget\" data-settings=\"{&quot;_animation&quot;:&quot;tmFadeInUp&quot;}\" data-widget_type=\"tm-icon-box.default\">\n\t\t\t\t<div class=\"elementor-widget-container\">\n\t\t\t\t\t\t\t<div class=\"tm-icon-box makeaholic-box\">\n\t\t<div class=\"icon-box-wrapper\">\n\t\t\t\t\t<div class=\"makeaholic-icon-wrap\">\n\t\t\t<div class=\"makeaholic-icon-view\">\n\t\t\t\t<div class=\"makeaholic-icon icon makeaholic-svg-icon makeaholic-solid-icon\">\n\t\t\t\t\t<svg xmlns=\"http:\/\/www.w3.org\/2000\/svg\" width=\"81\" height=\"66\" viewbox=\"0 0 81 66\" fill=\"none\"><path d=\"M51.6076 52.2537H2.49469C1.37635 52.2537 0.463867 51.3413 0.463867 50.223V11.5562C0.463867 10.4379 1.37635 9.5254 2.49469 9.5254H10.4868C11.05 9.5254 10.934 9.58849 10.934 8.99752V2.60256C10.934 1.48424 11.8465 0.571777 12.9649 0.571777H75.4611C76.5794 0.571777 77.4919 1.48424 77.4919 2.60256V41.2693C77.4919 42.3133 77.5284 42.3313 78.0273 43.0761C79.5662 45.373 80.4639 48.1357 80.4639 51.1082C80.4639 59.0887 73.994 65.5585 66.0133 65.5585C58.4775 65.5585 52.1962 59.7582 51.6076 52.2537ZM64.76 53.6457L72.1988 46.2069C73.0382 45.3675 74.3145 46.6438 73.4751 47.4832L64.9489 56.0093C64.5965 56.3618 64.0251 56.3618 63.6726 56.0093L58.5514 50.8881C57.712 50.0487 58.9883 48.7725 59.8277 49.6119L63.8838 53.6679C64.4018 54.186 64.234 54.1717 64.76 53.6457ZM76.138 40.0579V35.7593C76.138 34.6451 76.3178 34.8248 75.2036 34.8248H67.6218C66.866 34.8248 67.0218 34.7404 67.0218 35.5336V36.1091C67.0218 36.819 66.9118 36.6691 67.5989 36.7441C70.6774 37.0801 73.4654 38.383 75.6526 40.3427C76.2582 40.8853 76.138 40.9306 76.138 40.0579ZM56.7524 41.8475C54.3824 44.2174 52.9165 47.4916 52.9165 51.1082C52.9165 58.3412 58.78 64.2046 66.0133 64.2046C73.2465 64.2046 79.11 58.3412 79.11 51.1082C79.11 47.4916 77.6441 44.2174 75.2741 41.8475C73.1295 39.7029 70.4206 38.4573 67.6209 38.1132C66.7759 38.0094 65.9218 37.9877 65.0726 38.0483C62.0412 38.2646 59.07 39.5299 56.7524 41.8475ZM65.6679 36.0752V11.5562C65.6679 11.1853 65.3619 10.8793 64.9909 10.8793H2.49469C2.12376 10.8793 1.81775 11.1853 1.81775 11.5562V50.223C1.81775 50.5939 2.12376 50.8999 2.49469 50.8999H51.5642C51.602 48.2291 52.3644 45.7337 53.6636 43.6011C54.0504 42.9662 54.1404 43.0745 53.3551 43.0745H50.2405C49.6469 43.0745 49.6469 42.1719 50.2405 42.1719H53.8177C54.6741 42.1719 54.5118 42.3208 55.0449 41.6998C57.585 38.7407 61.1834 36.942 65.0617 36.6889C65.7733 36.6425 65.6679 36.7999 65.6679 36.0752ZM8.75388 32.1577H10.6146C10.552 31.3158 10.552 30.4634 10.6146 29.6215H8.75388V32.1577ZM10.6546 32.6089H8.75388V34.4682C8.75388 34.7156 8.95782 34.9195 9.20515 34.9195H13.987C14.678 32.875 14.698 29.9061 14.2463 27.8152C14.1837 27.5253 14.6244 27.4302 14.687 27.72C14.7857 28.177 14.861 28.6654 14.913 29.1702H16.8139V27.3109C16.8139 27.0636 16.61 26.8596 16.3626 26.8596H11.581C10.9056 28.8587 10.876 31.7094 11.2799 33.7623C11.3367 34.0533 10.8942 34.1397 10.8374 33.8487C10.7597 33.4534 10.6987 33.0371 10.6546 32.6089ZM8.75388 29.1702H10.6546C10.7408 28.3342 10.8915 27.5417 11.107 26.8596H9.20515C8.95782 26.8596 8.75388 27.0636 8.75388 27.3109V29.1702ZM14.9531 32.1577H16.8139V29.6215H14.9529C15.0154 30.4634 15.0156 31.3155 14.9531 32.1577ZM16.8139 32.6089H14.9131C14.8269 33.445 14.6762 34.2376 14.4607 34.9195H16.3626C16.61 34.9195 16.8139 34.7156 16.8139 34.4682V32.6089ZM16.3626 35.8221H9.20515C8.45961 35.8221 7.85126 35.2138 7.85126 34.4682V27.3109C7.85126 26.5654 8.45961 25.9571 9.20515 25.9571H16.3626C17.1082 25.9571 17.7165 26.5654 17.7165 27.3109V34.4682C17.7165 35.2138 17.1082 35.8221 16.3626 35.8221ZM17.2451 42.1719C17.8388 42.1719 17.8388 43.0745 17.2451 43.0745H8.29013C7.6965 43.0745 7.6965 42.1719 8.29013 42.1719H17.2451ZM31.2286 42.1719C31.8222 42.1719 31.8222 43.0745 31.2286 43.0745H22.2736C21.68 43.0745 21.68 42.1719 22.2736 42.1719H31.2286ZM45.212 42.1719C45.8057 42.1719 45.8057 43.0745 45.212 43.0745H36.257C35.6634 43.0745 35.6634 42.1719 36.257 42.1719H45.212ZM76.138 26.5077V2.60256C76.138 2.23163 75.832 1.92564 75.4611 1.92564H12.9649C12.5939 1.92564 12.2879 2.23163 12.2879 2.60256V9.00881C12.2879 9.62743 12.19 9.5254 12.811 9.5254H64.9909C66.1093 9.5254 67.0218 10.4379 67.0218 11.5562V26.4852C67.0218 27.4901 66.8424 27.3515 67.8248 27.3515H75.3616C76.3138 27.3515 76.138 27.4838 76.138 26.5077Z\" fill=\"black\"><\/path><\/svg>\n\t\t\t\t\t\t\t\t\t<\/div>\n\t\t\t<\/div>\n\t\t<\/div>\n\t\t\n\t\t\t<div class=\"icon-box-content\">\n\t\t\t\t\t\t<div class=\"heading-wrap\">\n\t\t\t<h3 class=\"heading\">Flexible payment<\/h3>\n\t\t\t\t\t<\/div>\n\t\t\n\t\t\t\t\t\t<div class=\"description-wrap\">\n\t\t\t<div class=\"description\">\n\t\t\t\tVarious payment options are available\t\t\t<\/div>\n\t\t<\/div>\n\t\t\n\t\t\t\t\t\t\t<\/div>\n\t\t<\/div>\n\n\t\t<\/div>\t\t\t\t\t\t<\/div>\n\t\t\t\t<\/div>\n\t\t\t\t<div class=\"elementor-element elementor-element-d0a2420 elementor-widget elementor-widget-spacer\" data-id=\"d0a2420\" data-element_type=\"widget\" data-e-type=\"widget\" data-widget_type=\"spacer.default\">\n\t\t\t\t<div class=\"elementor-widget-container\">\n\t\t\t\t\t\t\t<div class=\"elementor-spacer\">\n\t\t\t<div class=\"elementor-spacer-inner\"><\/div>\n\t\t<\/div>\n\t\t\t\t\t\t<\/div>\n\t\t\t\t<\/div>\n\t\t\t\t\t<\/div>\n\t\t<\/div>\n\t\t\t\t\t<\/div>\n\t\t<\/section>\n\t\t\t\t<\/div>","protected":false},"excerpt":{"rendered":"<p>Wir setzen uns daf\u00fcr ein, nat\u00fcrliche Ressourcen zu schonen, chemiefreie Alternativen zu f\u00f6rdern und die Biodiversit\u00e4t unserer Umwelt zu erhalten. Adsa Biod\u00fcnger Founder, CEO Unsere Mission Unsere Mission bei ADSA ist es, eine gr\u00fcnere, ges\u00fcndere und nachhaltigere Zukunft f\u00fcr Mensch und Natur zu schaffen. Wir glauben daran, dass echte Pflanzenkraft aus der Natur kommt \u2013 ohne Kompromisse bei Gesundheit, Qualit\u00e4t oder Umweltschutz. Mit dem ADSA-Pflanzenst\u00e4rkungsmittel bieten wir eine L\u00f6sung, die moderne Landwirtschaft mit \u00f6kologischem Bewusstsein vereint. Warum ADSA Bio D\u00fcnger? ADSA ist mehr als nur ein Pflanzenst\u00e4rkungsmittel \u2013 es ist Ihr Schl\u00fcssel zu \u00fcppigen, gesunden und kr\u00e4ftigen Pflanzen. Entwickelt mit modernster, nachhaltiger Technologie und nat\u00fcrlichen Wirkstoffen, setzt ADSA neue Ma\u00dfst\u00e4be in der \u00f6kologischen Pflanzenpflege. \u2714\ufe0f Wissenschaftlich bewiesen: Profitieren Sie von bahnbrechenden Erkenntnissen aus der Pflanzenforschung. Die enthaltenen organischen Wirkstoffe st\u00e4rken Ihre Pflanzen nachhaltig und effektiv von innen heraus. \u2714\ufe0f 100\u202f% nat\u00fcrlich &amp; sicher: Verabschieden Sie sich von Chemie und begr\u00fc\u00dfen Sie \u00f6kologische Pflanzenkraft. ADSA st\u00e4rkt nicht nur Ihre Pflanzen, sondern ist absolut ungiftig f\u00fcr Menschen, Kleinkinder, N\u00fctzlinge, Haustiere und Bienen. \u2714\ufe0f Schnelle &amp; sichtbare Ergebnisse: Erleben Sie innerhalb k\u00fcrzester Zeit deutlich ges\u00fcnderen Wuchs und kraftvolle Bl\u00fcten. Die rasche Aufnahme \u00fcber Bl\u00e4tter und Wurzeln macht ADSA besonders effektiv. \u2714\ufe0f Vielseitig einsetzbar: Ideal f\u00fcr geschw\u00e4chte Nutz- und Zierpflanzen \u2013 z.\u202fB. Obstb\u00e4ume mit Kr\u00e4uselkrankheit, Falschem Mehltau, Spinnmilben, Wei\u00dfen Fliegen oder Blattrost (wie bei Rosen, Blutahorn oder Kastanien mit Kastanienminiermotte). Auch hervorragend geeignet f\u00fcr Buchsb\u00e4ume, die vom Buchsbaumz\u00fcnsler befallen sind. Entdecken Sie, wie ADSA Ihren Garten revolutioniert \u2013 und \u00fcberzeugen Sie sich selbst von einer neuen Dimension \u00f6kologischer Pflanzenpflege. Versand Zu Gesch\u00e4ften und nach Hause Nat\u00fcrlich gewonnen Nat\u00fcrliche und biologische Produkte Flexible Zahlung Verschiedene Finanzierungsm\u00f6glichkeiten stehen zur Verf\u00fcgung<\/p>","protected":false},"author":1,"featured_media":0,"parent":0,"menu_order":0,"comment_status":"closed","ping_status":"closed","template":"","meta":{"footnotes":""},"class_list":["post-4399","page","type-page","status-publish","hentry","post-no-thumbnail"],"aioseo_notices":[],"_links":{"self":[{"href":"https:\/\/xn--adsa-biodnger-4ob.at\/en\/wp-json\/wp\/v2\/pages\/4399","targetHints":{"allow":["GET"]}}],"collection":[{"href":"https:\/\/xn--adsa-biodnger-4ob.at\/en\/wp-json\/wp\/v2\/pages"}],"about":[{"href":"https:\/\/xn--adsa-biodnger-4ob.at\/en\/wp-json\/wp\/v2\/types\/page"}],"author":[{"embeddable":true,"href":"https:\/\/xn--adsa-biodnger-4ob.at\/en\/wp-json\/wp\/v2\/users\/1"}],"replies":[{"embeddable":true,"href":"https:\/\/xn--adsa-biodnger-4ob.at\/en\/wp-json\/wp\/v2\/comments?post=4399"}],"version-history":[{"count":37,"href":"https:\/\/xn--adsa-biodnger-4ob.at\/en\/wp-json\/wp\/v2\/pages\/4399\/revisions"}],"predecessor-version":[{"id":4967,"href":"https:\/\/xn--adsa-biodnger-4ob.at\/en\/wp-json\/wp\/v2\/pages\/4399\/revisions\/4967"}],"wp:attachment":[{"href":"https:\/\/xn--adsa-biodnger-4ob.at\/en\/wp-json\/wp\/v2\/media?parent=4399"}],"curies":[{"name":"wp","href":"https:\/\/api.w.org\/{rel}","templated":true}]}}