{"id":1841,"date":"2021-05-20T04:35:51","date_gmt":"2021-05-20T04:35:51","guid":{"rendered":""},"modified":"2025-05-23T14:00:24","modified_gmt":"2025-05-23T14:00:24","slug":"home","status":"publish","type":"page","link":"https:\/\/xn--adsa-biodnger-4ob.at\/en\/","title":{"rendered":"Home"},"content":{"rendered":"<div data-elementor-type=\"wp-page\" data-elementor-id=\"1841\" class=\"elementor elementor-1841\">\n\t\t\t\t\t\t<section class=\"elementor-section elementor-top-section elementor-element elementor-element-73143dd elementor-section-height-min-height elementor-section-boxed elementor-section-gap-beside-yes elementor-section-height-default elementor-section-items-middle elementor-section-column-vertical-align-stretch wpr-particle-no wpr-jarallax-no wpr-parallax-no wpr-sticky-section-no wpr-equal-height-no\" data-id=\"73143dd\" data-element_type=\"section\" data-e-type=\"section\" data-settings=\"{&quot;background_background&quot;:&quot;video&quot;,&quot;background_video_link&quot;:&quot;https:\\\/\\\/xn--adsa-biodnger-4ob.at\\\/wp-content\\\/uploads\\\/2024\\\/10\\\/production-ID_4811927_1-1.mp4&quot;,&quot;background_play_on_mobile&quot;:&quot;yes&quot;}\">\n\t\t\t\t\t\t\t\t<div class=\"elementor-background-video-container\">\n\t\t\t\t\t\t\t\t\t\t\t\t\t<video class=\"elementor-background-video-hosted\" role=\"presentation\" autoplay muted playsinline loop><\/video>\n\t\t\t\t\t\t\t\t\t\t\t<\/div>\n\t\t\t\t\t\t\t\t\t<div class=\"elementor-background-overlay\"><\/div>\n\t\t\t\t\t\t\t<div class=\"elementor-container elementor-column-gap-extended\">\n\t\t\t\t\t<div class=\"elementor-column elementor-col-100 elementor-top-column elementor-element elementor-element-d0ce00b\" data-id=\"d0ce00b\" data-element_type=\"column\" data-e-type=\"column\">\n\t\t\t<div class=\"elementor-widget-wrap elementor-element-populated\">\n\t\t\t\t\t\t<div class=\"elementor-element elementor-element-6adff82 elementor-widget elementor-widget-image\" data-id=\"6adff82\" data-element_type=\"widget\" data-e-type=\"widget\" data-widget_type=\"image.default\">\n\t\t\t\t<div class=\"elementor-widget-container\">\n\t\t\t\t\t\t\t\t\t\t\t\t\t\t\t<img fetchpriority=\"high\" decoding=\"async\" width=\"600\" height=\"200\" src=\"https:\/\/xn--adsa-biodnger-4ob.at\/wp-content\/uploads\/2024\/10\/Adsa-Logo4-1.png\" class=\"attachment-full size-full wp-image-4363\" alt=\"\" srcset=\"https:\/\/xn--adsa-biodnger-4ob.at\/wp-content\/uploads\/2024\/10\/Adsa-Logo4-1.png 600w, https:\/\/xn--adsa-biodnger-4ob.at\/wp-content\/uploads\/2024\/10\/Adsa-Logo4-1-300x100.png 300w\" sizes=\"(max-width: 600px) 100vw, 600px\" \/>\t\t\t\t\t\t\t\t\t\t\t\t\t\t\t<\/div>\n\t\t\t\t<\/div>\n\t\t\t\t\t<\/div>\n\t\t<\/div>\n\t\t\t\t\t<\/div>\n\t\t<\/section>\n\t\t\t\t<section class=\"elementor-section elementor-top-section elementor-element elementor-element-157a716 elementor-section-column-vertical-align-middle elementor-section-full_width elementor-section-gap-beside-yes elementor-section-height-default elementor-section-height-default wpr-particle-no wpr-jarallax-no wpr-parallax-no wpr-sticky-section-no wpr-equal-height-no\" data-id=\"157a716\" data-element_type=\"section\" data-e-type=\"section\" data-settings=\"{&quot;background_background&quot;:&quot;classic&quot;}\">\n\t\t\t\t\t\t<div class=\"elementor-container elementor-column-gap-extended\">\n\t\t\t\t\t<div class=\"elementor-column elementor-col-100 elementor-top-column elementor-element elementor-element-65296b2\" data-id=\"65296b2\" data-element_type=\"column\" data-e-type=\"column\">\n\t\t\t<div class=\"elementor-widget-wrap elementor-element-populated\">\n\t\t\t\t\t\t<section class=\"elementor-section elementor-inner-section elementor-element elementor-element-21c8b8f elementor-section-column-vertical-align-middle elementor-section-boxed elementor-section-gap-beside-yes elementor-section-height-default elementor-section-height-default wpr-particle-no wpr-jarallax-no wpr-parallax-no wpr-sticky-section-no wpr-equal-height-no\" data-id=\"21c8b8f\" data-element_type=\"section\" data-e-type=\"section\">\n\t\t\t\t\t\t<div class=\"elementor-container elementor-column-gap-extended\">\n\t\t\t\t\t<div class=\"elementor-column elementor-col-50 elementor-inner-column elementor-element elementor-element-b83166f\" data-id=\"b83166f\" data-element_type=\"column\" data-e-type=\"column\">\n\t\t\t<div class=\"elementor-widget-wrap elementor-element-populated\">\n\t\t\t\t\t\t<div class=\"elementor-element elementor-element-fa20312 elementor-absolute user-select-none elementor-hidden-mobile elementor-widget elementor-widget-image\" data-id=\"fa20312\" data-element_type=\"widget\" data-e-type=\"widget\" data-settings=\"{&quot;_position&quot;:&quot;absolute&quot;}\" data-widget_type=\"image.default\">\n\t\t\t\t<div class=\"elementor-widget-container\">\n\t\t\t\t\t\t\t\t\t\t\t\t\t\t\t<img decoding=\"async\" width=\"512\" height=\"512\" src=\"https:\/\/xn--adsa-biodnger-4ob.at\/wp-content\/uploads\/2024\/10\/cropped-Adsa-Logopng.png\" class=\"attachment-full size-full wp-image-4344\" alt=\"\" srcset=\"https:\/\/xn--adsa-biodnger-4ob.at\/wp-content\/uploads\/2024\/10\/cropped-Adsa-Logopng.png 512w, https:\/\/xn--adsa-biodnger-4ob.at\/wp-content\/uploads\/2024\/10\/cropped-Adsa-Logopng-300x300.png 300w, https:\/\/xn--adsa-biodnger-4ob.at\/wp-content\/uploads\/2024\/10\/cropped-Adsa-Logopng-150x150.png 150w, https:\/\/xn--adsa-biodnger-4ob.at\/wp-content\/uploads\/2024\/10\/cropped-Adsa-Logopng-100x100.png 100w, https:\/\/xn--adsa-biodnger-4ob.at\/wp-content\/uploads\/2024\/10\/cropped-Adsa-Logopng-24x24.png 24w, https:\/\/xn--adsa-biodnger-4ob.at\/wp-content\/uploads\/2024\/10\/cropped-Adsa-Logopng-48x48.png 48w, https:\/\/xn--adsa-biodnger-4ob.at\/wp-content\/uploads\/2024\/10\/cropped-Adsa-Logopng-96x96.png 96w, https:\/\/xn--adsa-biodnger-4ob.at\/wp-content\/uploads\/2024\/10\/cropped-Adsa-Logopng-270x270.png 270w, https:\/\/xn--adsa-biodnger-4ob.at\/wp-content\/uploads\/2024\/10\/cropped-Adsa-Logopng-192x192.png 192w, https:\/\/xn--adsa-biodnger-4ob.at\/wp-content\/uploads\/2024\/10\/cropped-Adsa-Logopng-180x180.png 180w, https:\/\/xn--adsa-biodnger-4ob.at\/wp-content\/uploads\/2024\/10\/cropped-Adsa-Logopng-32x32.png 32w\" sizes=\"(max-width: 512px) 100vw, 512px\" \/>\t\t\t\t\t\t\t\t\t\t\t\t\t\t\t<\/div>\n\t\t\t\t<\/div>\n\t\t\t\t<div class=\"elementor-element elementor-element-68efc8e elementor-invisible elementor-widget elementor-widget-heading\" data-id=\"68efc8e\" data-element_type=\"widget\" data-e-type=\"widget\" data-settings=\"{&quot;_animation&quot;:&quot;tmFadeInUp&quot;}\" data-widget_type=\"heading.default\">\n\t\t\t\t<div class=\"elementor-widget-container\">\n\t\t\t\t\t<h2 class=\"elementor-heading-title elementor-size-default\">UNSERE <br> PRODUCTS<\/h2>\t\t\t\t<\/div>\n\t\t\t\t<\/div>\n\t\t\t\t<div class=\"elementor-element elementor-element-760bff7 elementor-widget elementor-widget-spacer\" data-id=\"760bff7\" data-element_type=\"widget\" data-e-type=\"widget\" data-widget_type=\"spacer.default\">\n\t\t\t\t<div class=\"elementor-widget-container\">\n\t\t\t\t\t\t\t<div class=\"elementor-spacer\">\n\t\t\t<div class=\"elementor-spacer-inner\"><\/div>\n\t\t<\/div>\n\t\t\t\t\t\t<\/div>\n\t\t\t\t<\/div>\n\t\t\t\t<div class=\"elementor-element elementor-element-757b4c5 elementor-align-center elementor-widget elementor-widget-tm-button\" data-id=\"757b4c5\" data-element_type=\"widget\" data-e-type=\"widget\" data-widget_type=\"tm-button.default\">\n\t\t\t\t<div class=\"elementor-widget-container\">\n\t\t\t\t\t\t\t<div class=\"tm-button-wrapper\">\n\t\t\t<a href=\"https:\/\/xn--adsa-biodnger-4ob.at\/en\/shop-here\/\" class=\"tm-button-link tm-button style-flat tm-button-nm\" role=\"button\">\n\t\t\t\t\t\t<div class=\"button-content-wrapper\">\n\t\t\t\n\t\t\t\t\t<div class=\"button-text\">\n\t\t\t\n\t\t\tSHOP\n\t\t\t\n\t\t\t\t\t<\/div>\n\t\t\n\t\t\t\t\t<\/div>\n\t\t\n\t\t\t\t\t\t\t<\/a>\n\t\t<\/div>\n\t\t\t\t\t\t<\/div>\n\t\t\t\t<\/div>\n\t\t\t\t\t<\/div>\n\t\t<\/div>\n\t\t\t\t<div class=\"elementor-column elementor-col-50 elementor-inner-column elementor-element elementor-element-e46cbcd\" data-id=\"e46cbcd\" data-element_type=\"column\" data-e-type=\"column\">\n\t\t\t<div class=\"elementor-widget-wrap elementor-element-populated\">\n\t\t\t\t\t\t<div class=\"elementor-element elementor-element-43233c0 elementor-invisible elementor-widget elementor-widget-image\" data-id=\"43233c0\" data-element_type=\"widget\" data-e-type=\"widget\" data-settings=\"{&quot;_animation&quot;:&quot;tmFadeInUp&quot;}\" data-widget_type=\"image.default\">\n\t\t\t\t<div class=\"elementor-widget-container\">\n\t\t\t\t\t\t\t\t\t\t\t\t\t\t\t<img decoding=\"async\" width=\"1242\" height=\"1182\" src=\"https:\/\/xn--adsa-biodnger-4ob.at\/wp-content\/uploads\/2024\/10\/2.jpg\" class=\"attachment-full size-full wp-image-4350\" alt=\"\" srcset=\"https:\/\/xn--adsa-biodnger-4ob.at\/wp-content\/uploads\/2024\/10\/2.jpg 1242w, https:\/\/xn--adsa-biodnger-4ob.at\/wp-content\/uploads\/2024\/10\/2-300x286.jpg 300w, https:\/\/xn--adsa-biodnger-4ob.at\/wp-content\/uploads\/2024\/10\/2-1024x975.jpg 1024w, https:\/\/xn--adsa-biodnger-4ob.at\/wp-content\/uploads\/2024\/10\/2-768x731.jpg 768w, https:\/\/xn--adsa-biodnger-4ob.at\/wp-content\/uploads\/2024\/10\/2-600x571.jpg 600w, https:\/\/xn--adsa-biodnger-4ob.at\/wp-content\/uploads\/2024\/10\/2-24x24.jpg 24w\" sizes=\"(max-width: 1242px) 100vw, 1242px\" \/>\t\t\t\t\t\t\t\t\t\t\t\t\t\t\t<\/div>\n\t\t\t\t<\/div>\n\t\t\t\t\t<\/div>\n\t\t<\/div>\n\t\t\t\t\t<\/div>\n\t\t<\/section>\n\t\t\t\t\t<\/div>\n\t\t<\/div>\n\t\t\t\t\t<\/div>\n\t\t<\/section>\n\t\t\t\t<section class=\"elementor-section elementor-top-section elementor-element elementor-element-d44ab32 elementor-section-boxed elementor-section-gap-beside-yes elementor-section-height-default elementor-section-height-default elementor-section-column-vertical-align-stretch wpr-particle-no wpr-jarallax-no wpr-parallax-no wpr-sticky-section-no wpr-equal-height-no\" data-id=\"d44ab32\" data-element_type=\"section\" data-e-type=\"section\" data-settings=\"{&quot;background_background&quot;:&quot;classic&quot;}\">\n\t\t\t\t\t\t<div class=\"elementor-container elementor-column-gap-extended\">\n\t\t\t\t\t<div class=\"elementor-column elementor-col-100 elementor-top-column elementor-element elementor-element-355a21d\" data-id=\"355a21d\" data-element_type=\"column\" data-e-type=\"column\">\n\t\t\t<div class=\"elementor-widget-wrap elementor-element-populated\">\n\t\t\t\t\t\t<section class=\"elementor-section elementor-inner-section elementor-element elementor-element-8cb6243 elementor-section-gap-beside-no elementor-section-boxed elementor-section-height-default elementor-section-height-default elementor-section-column-vertical-align-stretch wpr-particle-no wpr-jarallax-no wpr-parallax-no wpr-sticky-section-no wpr-equal-height-no\" data-id=\"8cb6243\" data-element_type=\"section\" data-e-type=\"section\" data-settings=\"{&quot;background_background&quot;:&quot;classic&quot;}\">\n\t\t\t\t\t\t\t<div class=\"elementor-background-overlay\"><\/div>\n\t\t\t\t\t\t\t<div class=\"elementor-container elementor-column-gap-extended\">\n\t\t\t\t\t<div class=\"elementor-column elementor-col-100 elementor-inner-column elementor-element elementor-element-57a45de\" data-id=\"57a45de\" data-element_type=\"column\" data-e-type=\"column\">\n\t\t\t<div class=\"elementor-widget-wrap elementor-element-populated\">\n\t\t\t\t\t\t<div class=\"elementor-element elementor-element-c4460e3 elementor-invisible elementor-widget elementor-widget-tm-heading\" data-id=\"c4460e3\" data-element_type=\"widget\" data-e-type=\"widget\" data-settings=\"{&quot;_animation&quot;:&quot;tmFadeInUp&quot;}\" data-widget_type=\"tm-heading.default\">\n\t\t\t\t<div class=\"elementor-widget-container\">\n\t\t\t\t\t\t\t<div class=\"tm-modern-heading style-01\">\n\t\t\t\n\t\t\t\t\t<div class=\"heading-primary-wrap\">\n\t\t\t<h2 class=\"heading-primary elementor-heading-title\">ADSA Plant Strengthener is a revolutionary organic solution for promoting plant health, optimizing agricultural yields, and ensuring the natural preservation of your plants. Composed entirely of organic ingredients, it eliminates the need for chemical pesticides \u2013 for a healthier environment and a secure food supply. \u00a0The organic food that is grown using ADSA Plant Strengthener has a more refined and authentic flavor, and it is also beneficial to both your health and the environment.<\/h2>\t\t<\/div>\n\t\t\n\t\t\t\n\t\t\t\t\t<\/div>\n\t\t\t\t\t\t<\/div>\n\t\t\t\t<\/div>\n\t\t\t\t\t<\/div>\n\t\t<\/div>\n\t\t\t\t\t<\/div>\n\t\t<\/section>\n\t\t\t\t\t<\/div>\n\t\t<\/div>\n\t\t\t\t\t<\/div>\n\t\t<\/section>\n\t\t\t\t<\/div>","protected":false},"excerpt":{"rendered":"<p>UNSERE PRODUKTE SHOP ADSA-Pflanzenst\u00e4rkungsmittel ist eine revolution\u00e4re organische L\u00f6sung zur F\u00f6rderung der Pflanzengesundheit, zur Optimierung landwirtschaftlicher Ertr\u00e4ge und zur nat\u00fcrlichen Erhaltung Ihrer Pflanzen. Es besteht vollst\u00e4ndig aus organischen Bestandteilen und macht chemische Pestizide \u00fcberfl\u00fcssig \u2013 f\u00fcr eine ges\u00fcndere Umwelt und eine sichere Nahrungsversorgung.<\/p>","protected":false},"author":1,"featured_media":0,"parent":0,"menu_order":0,"comment_status":"closed","ping_status":"closed","template":"","meta":{"footnotes":""},"class_list":["post-1841","page","type-page","status-publish","hentry","post-no-thumbnail"],"aioseo_notices":[],"_links":{"self":[{"href":"https:\/\/xn--adsa-biodnger-4ob.at\/en\/wp-json\/wp\/v2\/pages\/1841","targetHints":{"allow":["GET"]}}],"collection":[{"href":"https:\/\/xn--adsa-biodnger-4ob.at\/en\/wp-json\/wp\/v2\/pages"}],"about":[{"href":"https:\/\/xn--adsa-biodnger-4ob.at\/en\/wp-json\/wp\/v2\/types\/page"}],"author":[{"embeddable":true,"href":"https:\/\/xn--adsa-biodnger-4ob.at\/en\/wp-json\/wp\/v2\/users\/1"}],"replies":[{"embeddable":true,"href":"https:\/\/xn--adsa-biodnger-4ob.at\/en\/wp-json\/wp\/v2\/comments?post=1841"}],"version-history":[{"count":35,"href":"https:\/\/xn--adsa-biodnger-4ob.at\/en\/wp-json\/wp\/v2\/pages\/1841\/revisions"}],"predecessor-version":[{"id":4961,"href":"https:\/\/xn--adsa-biodnger-4ob.at\/en\/wp-json\/wp\/v2\/pages\/1841\/revisions\/4961"}],"wp:attachment":[{"href":"https:\/\/xn--adsa-biodnger-4ob.at\/en\/wp-json\/wp\/v2\/media?parent=1841"}],"curies":[{"name":"wp","href":"https:\/\/api.w.org\/{rel}","templated":true}]}}